{"id":87,"date":"2022-06-08T10:19:29","date_gmt":"2022-06-08T10:19:29","guid":{"rendered":"https:\/\/ferienwohnung-beim-rosengarten.de\/?page_id=87"},"modified":"2026-02-27T11:52:57","modified_gmt":"2026-02-27T11:52:57","slug":"home","status":"publish","type":"page","link":"https:\/\/www.ferienwohnung-beim-rosengarten.de\/","title":{"rendered":"Home"},"content":{"rendered":"\n  \n    \n    <section class=\"u-clearfix u-image lazyload u-section-2\" id=\"carousel_51a7\" data-image-width=\"1600\" data-image-height=\"1064\" data-bg=\"url(&quot;https:\/\/www.ferienwohnung-beim-rosengarten.de\/wp-content\/uploads\/2022\/06\/K1600_DSC_0113.jpg&quot;)\">\n      <div class=\"u-clearfix u-sheet u-valign-middle-lg u-valign-middle-md u-valign-middle-sm u-valign-middle-xs u-sheet-1\">\n        <div class=\"u-container-style u-expanded-width-sm u-expanded-width-xs u-group u-shape-rectangle u-group-1\">\n          <div class=\"u-container-layout u-container-layout-1\">\n            <h2 class=\"u-custom-font u-text u-text-default u-text-font u-text-white u-text-1\" data-animation-name=\"customAnimationIn\" data-animation-duration=\"1000\">Urlaub pur<\/h2>\n            <h5 class=\"u-custom-font u-text u-text-default u-text-font u-text-palette-1-base u-text-2\" data-animation-name=\"customAnimationIn\" data-animation-duration=\"1000\">Entspannung ab dem ersten Tag<\/h5>\n            <div class=\"u-border-4 u-border-palette-1-base u-line u-line-horizontal u-line-1\" data-animation-name=\"customAnimationIn\" data-animation-duration=\"1000\"><\/div>\n          <\/div>\n        <\/div>\n      <\/div>\n    <\/section>\n    <section class=\"u-clearfix u-grey-5 u-section-3\" id=\"carousel_5028\">\n      <div class=\"data-layout-selected u-clearfix u-gutter-20 u-layout-wrap u-layout-wrap-1\">\n        <div class=\"u-layout\">\n          <div class=\"u-layout-row\">\n            <div class=\"u-align-center-sm u-align-center-xs u-align-left-lg u-align-left-md u-align-left-xl u-container-style u-layout-cell u-shape-rectangle u-size-39 u-layout-cell-1\">\n              <div class=\"u-container-layout u-container-layout-1\">\n                <h1 class=\"u-custom-font u-text u-text-font u-text-1\">Ankommen - Entspanne\u200b\u200bn - Wohlf\u00fchlen<\/h1>\n                <p class=\"u-text u-text-2\"> Herzlich Willkommen in unserer 5 Sterne Ferienwohnung <br>\n                  <br>\"Beim Rosengarten\" in Holthaus, einem Ortsteil der Gemeinde Lindern! Erleben Sie Ihren Urlaub in unserer komfortablen Nichtraucherwohnung. Auf 80 qm Wohnfl\u00e4che bieten wir Ihnen eine Menge Komfort f\u00fcr 4 Personen. <br>\n                  <br>Von der gro\u00dfen \u00fcberdachten Terrasse aus gelangen Sie in den weitl\u00e4ufigen Rosen- und Obstgarten, in dem Sie die Natur genie\u00dfen und vom Alltag abschalten k\u00f6nnen. Unsere Ende 2009 neu gebaute Ferienwohnung wurde liebevoll eingerichtet und steht unseren G\u00e4sten nun seit M\u00e4rz 2010 zur Verf\u00fcgung. Wenn wir Ihr Interesse an einem Aufenthalt geweckt haben sollten, informieren Sie sich doch ganz einfach vorab auf unseren Internet-Seiten \u00fcber unser Angebot und unseren Service. Selbstverst\u00e4ndlich stehen wir f\u00fcr Fragen und Reservierungen jederzeit gerne zur Verf\u00fcgung. <br>\n                  <br>Wir freuen uns auf Ihren Besuch. <br>\n                  <br>Ihre Familie Einhaus \n                <\/p>\n              <\/div>\n            <\/div>\n            <div class=\"u-align-center u-container-align-center u-container-style u-image u-image-contain u-layout-cell u-size-21 lazyload u-image-1\" data-image-width=\"768\" data-image-height=\"1098\" data-animation-name=\"customAnimationIn\" data-animation-duration=\"1000\" data-animation-direction=\"Left\" data-bg=\"url(&quot;https:\/\/www.ferienwohnung-beim-rosengarten.de\/wp-content\/uploads\/2026\/02\/Urkunde_Ferienhaus_2026-1.jpg&quot;)\">\n              <div class=\"u-container-layout u-valign-middle u-container-layout-2\"><\/div>\n            <\/div>\n          <\/div>\n        <\/div>\n      <\/div>\n    <\/section>\n    <section class=\"u-align-center u-clearfix u-container-align-center u-section-4\" id=\"carousel_a66d\">\n      <div class=\"u-clearfix u-sheet u-sheet-1\">\n        <div class=\"u-align-left u-container-align-left u-container-style u-group u-shape-rectangle u-group-1\" data-animation-name=\"customAnimationIn\" data-animation-duration=\"1000\" data-animation-direction=\"Left\">\n          <div class=\"u-container-layout u-container-layout-1\">\n            <h1 class=\"u-custom-font u-text u-text-default u-text-font u-text-1\" data-animation-name=\"customAnimationIn\" data-animation-duration=\"1000\">5 Sterne f\u00fcr Ihren Urlaub<\/h1>\n            <p class=\"u-custom-font u-font-open-sans u-text u-text-default u-text-2\" data-animation-name=\"customAnimationIn\" data-animation-duration=\"1000\"> Unsere 5 Sterne Ferienwohnung \"Beim Rosengarten\" ist separat in einem 2009 komplett neu ausgebautem Geb\u00e4ude auf unserem Hof untergebracht. Die Nichtraucher-Wohnung bietet Platz f\u00fcr bis zu 4 Personen und teilt sich auf in 1 Wohnstube mit offenem Durchgang zur voll ausgestatteten K\u00fcche, Flur, 2 Schlafzimmer und 1 Badezimmer. Vom Wohnzimmer aus gelangt man direkt auf die 35 qm gro\u00dfe \u00fcberdachte Terrasse mit Blick auf den Rosengarten.<br>\n              <br>Die Wohnung ist barrierefrei und senioren- und kindgerecht eingerichtet. Haustiere k\u00f6nnen leider nicht mitgebracht werden, da auch an Allergiker vermietet wird. \n            <\/p>\n          <\/div>\n        <\/div>\n        <div class=\"u-expanded-width-xs u-tab-links-align-left u-tabs u-tabs-1\">\n          <ul class=\"u-border-1 u-border-grey-25 u-tab-list u-unstyled\" role=\"tablist\"><li class=\"u-tab-item u-tab-item-1\" role=\"presentation\"><a class=\"active u-active-palette-2-base u-button-style u-tab-link u-text-active-white u-text-body-color u-text-hover-black u-tab-link-1\" id=\"link-tab-14b7\" href=\"#tab-14b7\" role=\"tab\" aria-controls=\"tab-14b7\" aria-selected=\"true\">Innenansicht<\/a>\n<\/li><li class=\"u-tab-item u-tab-item-2\" role=\"presentation\"><a class=\"u-active-palette-2-base u-button-style u-tab-link u-text-active-white u-text-body-color u-text-hover-black u-tab-link-2\" id=\"link-tab-0da5\" href=\"#tab-0da5\" role=\"tab\" aria-controls=\"tab-0da5\" aria-selected=\"false\">Au\u00dfenansicht<\/a>\n<\/li><li class=\"u-tab-item\" role=\"presentation\"><a class=\"u-active-palette-2-base u-button-style u-tab-link u-text-active-white u-text-body-color u-text-hover-black u-tab-link-3\" id=\"link-tab-2917\" href=\"#tab-2917\" role=\"tab\" aria-controls=\"tab-2917\" aria-selected=\"false\">Rosengarten<\/a>\n<\/li><\/ul>\n          <div class=\"u-tab-content\">\n            <div class=\"u-align-left u-container-align-left u-container-style u-tab-active u-tab-pane u-white u-tab-pane-1\" id=\"tab-14b7\" role=\"tabpanel\" aria-labelledby=\"link-tab-14b7\">\n              <div class=\"u-container-layout u-valign-bottom u-container-layout-2\">\n                <img class=\"u-expanded-width u-image u-image-round u-radius-10 lazyload u-image-1\" alt=\"\" data-image-width=\"1600\" data-image-height=\"1200\" data-src=\"https:\/\/www.ferienwohnung-beim-rosengarten.de\/wp-content\/uploads\/2022\/06\/K1600_IMG_0086.jpg\" loading=\"lazy\">\n                <a href=\"https:\/\/www.ferienwohnung-beim-rosengarten.de\/?page_id=90#carousel_c467\" class=\"u-border-2 u-border-black u-btn u-button-style u-hover-black u-none u-text-black u-text-hover-white u-btn-1\">Zur Gallerie<\/a>\n              <\/div>\n            <\/div>\n            <div class=\"u-align-left u-container-align-left u-container-style u-tab-pane u-white u-tab-pane-2\" id=\"tab-0da5\" role=\"tabpanel\" aria-labelledby=\"link-tab-0da5\">\n              <div class=\"u-container-layout u-container-layout-3\">\n                <img class=\"u-expanded-width u-image u-image-round u-radius-10 lazyload u-image-2\" alt=\"\" data-image-width=\"1600\" data-image-height=\"1064\" data-src=\"https:\/\/www.ferienwohnung-beim-rosengarten.de\/wp-content\/uploads\/2022\/06\/K1600_DSC_0113.jpg\" loading=\"lazy\">\n              <\/div>\n            <\/div>\n            <div class=\"u-container-style u-tab-pane u-white u-tab-pane-3\" id=\"tab-2917\" role=\"tabpanel\" aria-labelledby=\"link-tab-2917\">\n              <div class=\"u-container-layout u-valign-bottom-lg u-valign-bottom-xl u-valign-top-md u-valign-top-sm u-container-layout-4\">\n                <img class=\"u-expanded-width u-image u-image-round u-radius-10 lazyload u-image-3\" alt=\"\" data-image-width=\"600\" data-image-height=\"400\" data-src=\"https:\/\/www.ferienwohnung-beim-rosengarten.de\/wp-content\/uploads\/2022\/06\/big_30321115_0_600-400.jpg\" loading=\"lazy\">\n                <a href=\"https:\/\/www.ferienwohnung-beim-rosengarten.de\/?page_id=88\" class=\"u-border-2 u-border-black u-btn u-button-style u-hover-black u-none u-text-black u-text-hover-white u-btn-2\">Zur Gallerie<\/a>\n              <\/div>\n            <\/div>\n          <\/div>\n        <\/div>\n      <\/div>\n    <\/section>\n    <section class=\"u-clearfix u-grey-10 u-valign-middle-lg u-valign-middle-md u-valign-middle-sm u-valign-middle-xs u-section-5\" id=\"carousel_646b\">\n      <div class=\"data-layout-selected u-clearfix u-layout-wrap u-layout-wrap-1\">\n        <div class=\"u-layout\">\n          <div class=\"u-layout-row\">\n            <div class=\"u-align-center u-container-align-center u-container-style u-image u-layout-cell u-right-cell u-size-30-lg u-size-30-xl u-size-31-md u-size-31-sm u-size-31-xs lazyload u-image-1\" data-bg=\"url(&quot;https:\/\/www.ferienwohnung-beim-rosengarten.de\/wp-content\/uploads\/2022\/06\/22-min.jpg&quot;)\">\n              <div class=\"u-container-layout u-valign-bottom u-container-layout-1\">\n                <h1 class=\"u-custom-font u-text u-text-font u-text-1\">Nehmen Sie Kontakt mit uns auf<\/h1>\n                <div class=\"custom-expanded u-form u-form-1\">\n                          <script>\n            function onSuccess(event) {\n                if (typeof window.serviceRequest !== 'undefined') {\n                    window.serviceRequest(jQuery(this).find('form'));\n                }\n                var msgContainer = jQuery(event.currentTarget).find('.wpcf7-response-output');\n                msgContainer.removeClass('u-form-send-error').addClass('u-form-send-message u-form-send-success');\n                msgContainer.show();\n                var redirectAddress = jQuery(event.currentTarget).find('[redirect-address]').attr('redirect-address');\n                if (redirectAddress) {\n                    setTimeout(function () {\n                        location.replace(redirectAddress);\n                    }, 2000);\n                }\n            }\n            function onError(event) {\n                var msgContainer = jQuery(event.currentTarget).find('.wpcf7-response-output');\n                msgContainer.removeClass('u-form-send-success').addClass('u-form-send-message u-form-send-error');\n                msgContainer.show();\n            }\n\n            jQuery('body')\n                .on('wpcf7mailsent',   '.u-form .wpcf7', onSuccess)\n                .on('wpcf7invalid',    '.u-form .wpcf7', onError)\n                .on('wpcf7:unaccepted', '.u-form .wpcf7', onError)\n                .on('wpcf7spam',       '.u-form .wpcf7', onError)\n                .on('wpcf7:aborted',    '.u-form .wpcf7', onError)\n                .on('wpcf7mailfailed', '.u-form .wpcf7', onError);\n        <\/script>\n        <style>\n            .u-form .wpcf7-response-output {\n                \/*position: relative !important;*\/\n                margin: 0 !important;\n                bottom: -70px!important;\n            }\n            .u-form .wpcf7 .ajax-loader {\n                margin-left: -24px;\n                margin-right: 0;\n            }\n        <\/style>\n\n<div class=\"wpcf7 no-js\" id=\"wpcf7-f133-o1\" lang=\"de-DE\" dir=\"ltr\" data-wpcf7-id=\"133\">\n<div class=\"screen-reader-response\"><p role=\"status\" aria-live=\"polite\" aria-atomic=\"true\"><\/p> <ul><\/ul><\/div>\n<form style=\"padding: 0;\" action=\"\/index.php?rest_route=%2Fwp%2Fv2%2Fpages%2F87#wpcf7-f133-o1\" method=\"post\" class=\"wpcf7-form init u-clearfix u-form-spacing-24 u-form-vertical u-inner-form u-form-custom-backend\" aria-label=\"Kontaktformular\" novalidate=\"novalidate\" data-status=\"init\">\n<fieldset class=\"hidden-fields-container\"><input type=\"hidden\" name=\"_wpcf7\" value=\"133\" \/><input type=\"hidden\" name=\"_wpcf7_version\" value=\"6.1.5\" \/><input type=\"hidden\" name=\"_wpcf7_locale\" value=\"de_DE\" \/><input type=\"hidden\" name=\"_wpcf7_unit_tag\" value=\"wpcf7-f133-o1\" \/><input type=\"hidden\" name=\"_wpcf7_container_post\" value=\"0\" \/><input type=\"hidden\" name=\"_wpcf7_posted_data_hash\" value=\"\" \/>\n<\/fieldset>\n\n                    <div class=\"u-form-group wpcf7-form-control-wrap u-form-name\">\n                      <label for=\"name-3b9a\" class=\"u-form-control-hidden u-label\">Name<\/label>\n                      <input type=\"text\" placeholder=\"Bitte geben Sie Ihren Namen ein\" id=\"name-3b9a\" name=\"name1\" class=\"u-border-2 u-border-black u-border-no-left u-border-no-right u-border-no-top u-input wpcf7-form-control u-input-rectangle u-input-1\" required=\"\">\n                      <div style=\"position: relative !important; height: 0px; width: 0px; display: initial !important; float: left !important;\"><\/div>\n                      <div style=\"position: relative !important; height: 0px; width: 0px; float: left !important;\"><\/div>\n                      <div style=\"position: relative !important; height: 0px; width: 0px; float: left !important;\"><\/div>\n                      <div style=\"position: relative !important; height: 0px; width: 0px; float: left !important;\"><\/div>\n                      <div style=\"position: relative !important; height: 0px; width: 0px; float: left !important;\"><\/div>\n                    <\/div>\n                    <div class=\"u-form-email u-form-group wpcf7-form-control-wrap\">\n                      <label for=\"email-3b9a\" class=\"u-form-control-hidden u-label\">Email<\/label>\n                      <input type=\"email\" placeholder=\"Bitte geben Sie Ihre E-Mail Adresse ein\" id=\"email-3b9a\" name=\"email\" class=\"u-border-2 u-border-black u-border-no-left u-border-no-right u-border-no-top u-input wpcf7-form-control u-input-rectangle u-input-2\" required=\"\">\n                    <\/div>\n                    <div class=\"u-form-group wpcf7-form-control-wrap u-form-message\">\n                      <label for=\"message-3b9a\" class=\"u-form-control-hidden u-label\">Message<\/label>\n                      <textarea placeholder=\"Ihre Nachricht an uns\" rows=\"4\" cols=\"50\" id=\"message-3b9a\" name=\"message\" class=\"u-border-2 u-border-black u-border-no-left u-border-no-right u-border-no-top u-input wpcf7-form-control u-input-rectangle u-input-3\" required=\"\"><\/textarea>\n                    <\/div>\n                    <p class=\"u-form-group wpcf7-form-control-wrap u-form-text u-text u-text-2\">\n                      <a href=\"https:\/\/www.ferienwohnung-beim-rosengarten.de\/?page_id=89\" class=\"u-active-none u-border-none u-btn u-button-link u-button-style u-hover-none u-none u-text-palette-1-base u-btn-1\" target=\"_blank\"> Zu unseren Datenschutzvereinbarungen<\/a>\n                    <\/p>\n                    <div class=\"u-form-group wpcf7-form-control-wrap u-form-radiobutton u-form-group wpcf7-form-control-wrap-5\">\n                      <label class=\"u-label\">Ich akzeptiere die Datenschutzbereinbarung<\/label>\n                      <div class=\"u-form-radio-button-wrapper\">\n                        <div class=\"u-input-row\">\n                          <input id=\"field-54a1\" type=\"radio\" name=\"radiobutton\" value=\"NEIN\" class=\"u-field-input\" checked=\"checked\" data-calc=\"NEIN\">\n                          <label class=\"u-field-label\" for=\"field-54a1\">NEIN<\/label>\n                        <\/div>\n                        <div class=\"u-input-row\">\n                          <input id=\"field-040f\" type=\"radio\" name=\"radiobutton\" value=\"JA\" class=\"u-field-input\" data-calc=\"JA\">\n                          <label class=\"u-field-label\" for=\"field-040f\">JA<\/label>\n                        <\/div>\n                      <\/div>\n                    <\/div>\n                    <div class=\"u-align-left u-form-group wpcf7-form-control-wrap u-form-submit wpcf7-form-control\">\n                      <a href=\"#\" class=\"u-border-2 u-border-grey-dark-1 u-btn u-btn-rectangle u-btn-submit wpcf7-submit u-button-style u-none u-btn-2\" data-dependency=\"[{&quot;action&quot;:&quot;show&quot;,&quot;field&quot;:&quot;radiobutton&quot;,&quot;condition&quot;:&quot;equal&quot;,&quot;value&quot;:&quot;JA&quot;}]\">Absenden<\/a>\n                      <input type=\"submit\" value=\"submit\" class=\"u-form-control-hidden\">\n                    <\/div>\n                    <div class=\"u-form-send-message u-form-send-success\"> Thank you! Your message has been sent. <\/div>\n                    <div class=\"u-form-send-error u-form-send-message\"> Unable to send your message. Please fix errors then try again. <\/div>\n                    <input type=\"hidden\" value=\"\" name=\"recaptchaResponse\">\n                  <input type=\"hidden\" name=\"_contact7_backend\" value=\"1\"><div class=\"wpcf7-response-output\" aria-hidden=\"true\"><\/div>\n<\/form>\n<\/div>\n\n                <\/div>\n              <\/div>\n            <\/div>\n            <div class=\"u-container-style u-layout-cell u-left-cell u-size-29-md u-size-29-sm u-size-29-xs u-size-30-lg u-size-30-xl u-white u-layout-cell-2\">\n              <div class=\"u-container-layout u-valign-top u-container-layout-2\">\n                <p class=\"u-text u-text-3\" data-animation-name=\"pulse\" data-animation-duration=\"1000\" data-animation-direction=\"\"><span class=\"u-file-icon u-icon u-text-grey-15 u-icon-1\"><img decoding=\"async\" src=\"https:\/\/www.ferienwohnung-beim-rosengarten.de\/wp-content\/uploads\/2022\/06\/13.png\" alt=\"\"><\/span>&nbsp;<br><span style=\"font-size: 1.25rem;\">Ferienwohnung beim Rosengarten <br>Gerhard und Maria Einhaus <br>Holthaus 10 <br>49699 Lindern <\/span>\n                <\/p>\n                <p class=\"u-text u-text-4\" data-animation-name=\"pulse\" data-animation-duration=\"1000\" data-animation-direction=\"\"><span class=\"u-file-icon u-icon u-text-grey-15 u-icon-2\"><img decoding=\"async\" src=\"https:\/\/www.ferienwohnung-beim-rosengarten.de\/wp-content\/uploads\/2022\/06\/14.png\" alt=\"\"><\/span>&nbsp;<br> Telefon: 05957 - 1889<br>Mail: kontakt@ferienwohnung-beim-rosengarten.de \n                <\/p>\n              <\/div>\n            <\/div>\n          <\/div>\n        <\/div>\n      <\/div>\n    <\/section>\n    <section class=\"u-clearfix u-grey-light-2 u-typography-custom-page-typography-12--Map u-section-6\" id=\"sec-a4dd\">\n      <div class=\"u-expanded-width u-grey-light-2 u-map u-map-1\">\n        <div class=\"embed-responsive\">\n          <iframe class=\"embed-responsive-item lazyload\" data-map=\"JTdCJTIycG9zaXRpb25UeXBlJTIyJTNBJTIybWFwLWFkZHJlc3MlMjIlMkMlMjJhZGRyZXNzJTIyJTNBJTIyRmVyaWVud29obnVuZyUyMGJlaW0lMjBSb3NlbmdhcnRlbiUyQyUyMCUyMEhvbHRoYXVzJTIwMTAlMkMlMjA0OTY5OSUyMExpbmRlcm4lMjIlMkMlMjJ6b29tJTIyJTNBMTUlMkMlMjJ0eXBlSWQlMjIlM0ElMjJyb2FkJTIyJTJDJTIybGFuZyUyMiUzQW51bGwlMkMlMjJhcGlLZXklMjIlM0FudWxsJTJDJTIybWFya2VycyUyMiUzQSU1QiU1RCU3RA==\" data-src=\"\/\/maps.google.com\/maps?output=embed&amp;q=Ferienwohnung%20beim%20Rosengarten%2C%20%20Holthaus%2010%2C%2049699%20Lindern&amp;z=15&amp;t=m\" loading=\"lazy\"><\/iframe>\n        <\/div>\n      <\/div>\n    <\/section>\n    \n    \n    \n  \n","protected":false},"excerpt":{"rendered":"<p>Urlaub pur Entspannung ab dem ersten Tag Ankommen &#8211; Entspanne\u200b\u200bn &#8211; Wohlf\u00fchlen Herzlich Willkommen in unserer 5 Sterne Ferienwohnung &#8222;Beim Rosengarten&#8220; in Holthaus, einem Ortsteil der Gemeinde Lindern! Erleben Sie Ihren Urlaub in unserer komfortablen Nichtraucherwohnung. Auf 80 qm Wohnfl\u00e4che bieten wir Ihnen eine Menge Komfort f\u00fcr 4 Personen. Von der gro\u00dfen \u00fcberdachten Terrasse aus &hellip; <a href=\"https:\/\/www.ferienwohnung-beim-rosengarten.de\/\" class=\"more-link\">Continue reading<span class=\"screen-reader-text\"> &#8222;Home&#8220;<\/span><\/a><\/p>\n","protected":false},"author":1,"featured_media":0,"parent":0,"menu_order":2,"comment_status":"closed","ping_status":"closed","template":"","meta":{"footnotes":""},"class_list":["post-87","page","type-page","status-publish","hentry"],"_links":{"self":[{"href":"https:\/\/www.ferienwohnung-beim-rosengarten.de\/index.php?rest_route=\/wp\/v2\/pages\/87","targetHints":{"allow":["GET"]}}],"collection":[{"href":"https:\/\/www.ferienwohnung-beim-rosengarten.de\/index.php?rest_route=\/wp\/v2\/pages"}],"about":[{"href":"https:\/\/www.ferienwohnung-beim-rosengarten.de\/index.php?rest_route=\/wp\/v2\/types\/page"}],"author":[{"embeddable":true,"href":"https:\/\/www.ferienwohnung-beim-rosengarten.de\/index.php?rest_route=\/wp\/v2\/users\/1"}],"replies":[{"embeddable":true,"href":"https:\/\/www.ferienwohnung-beim-rosengarten.de\/index.php?rest_route=%2Fwp%2Fv2%2Fcomments&post=87"}],"version-history":[{"count":9,"href":"https:\/\/www.ferienwohnung-beim-rosengarten.de\/index.php?rest_route=\/wp\/v2\/pages\/87\/revisions"}],"predecessor-version":[{"id":143,"href":"https:\/\/www.ferienwohnung-beim-rosengarten.de\/index.php?rest_route=\/wp\/v2\/pages\/87\/revisions\/143"}],"wp:attachment":[{"href":"https:\/\/www.ferienwohnung-beim-rosengarten.de\/index.php?rest_route=%2Fwp%2Fv2%2Fmedia&parent=87"}],"curies":[{"name":"wp","href":"https:\/\/api.w.org\/{rel}","templated":true}]}}