{"id":89,"date":"2022-06-08T10:19:31","date_gmt":"2022-06-08T10:19:31","guid":{"rendered":"https:\/\/ferienwohnung-beim-rosengarten.de\/?page_id=89"},"modified":"2022-06-08T10:28:47","modified_gmt":"2022-06-08T10:28:47","slug":"datenschutzvereinbarung","status":"publish","type":"page","link":"https:\/\/www.ferienwohnung-beim-rosengarten.de\/?page_id=89","title":{"rendered":"Datenschutzvereinbarung"},"content":{"rendered":"\n  \n    \n    <section class=\"u-clearfix u-section-2\" id=\"sec-d33f\">\n      <div class=\"u-clearfix u-sheet u-sheet-1\">\n        <h1 class=\"u-text u-text-1\">Datenschutzvereinbarung<\/h1>\n        <p class=\"u-text u-text-2\"><b>1. Datenschutz auf einen Blick<\/b><b>Allgemeine Hinweise<\/b>&nbsp;<br>Die\nfolgenden Hinweise geben einen einfachen \u00dcberblick\ndar\u00fcber, was mit Ihren\npersonenbezogenen Daten\npassiert,\nwenn Sie diese Website besuchen. Personenbezogene Daten sind alle Daten, mit\ndenen Sie\npers\u00f6nlich identifiziert werden k\u00f6nnen.\nAusf\u00fchrliche Informationen zum Thema\nDatenschutz entnehmen\nSie\nunserer unter diesem Text aufgef\u00fchrten\nDatenschutzerkl\u00e4rung.&nbsp;<br>\n          <br><b>Datenerfassung auf dieser Website<\/b><b>Wer ist verantwortlich f<\/b><b>\u00fc<\/b><b>r die Datenerfassung auf\ndieser Website?<\/b>&nbsp;<br>Die\nDatenverarbeitung auf dieser Website erfolgt durch den Websitebetreiber. Dessen\nKontaktdaten\nk\u00f6nnen Sie dem Abschnitt \u201eHinweis zur\nVerantwortlichen Stelle\u201c in dieser Datenschutzerkl\u00e4rung\nentnehmen.&nbsp;<br>\n          <br><b>Wie erfassen wir Ihre Daten?<\/b>&nbsp;<br>Ihre\nDaten werden zum einen dadurch erhoben, dass Sie uns diese mitteilen. Hierbei\nkann es sich z. B. um\nDaten\nhandeln, die Sie in ein Kontaktformular eingeben.\nAndere\nDaten werden automatisch oder nach Ihrer Einwilligung beim Besuch der Website\ndurch unsere ITSysteme\nerfasst.\nDas sind vor allem technische Daten (z. B. Internetbrowser, Betriebssystem oder\nUhrzeit\ndes\nSeitenaufrufs). Die Erfassung dieser Daten erfolgt automatisch, sobald Sie\ndiese Website betreten.&nbsp;<br>\n          <br><b>Wof<\/b><b>\u00fc<\/b><b>r nutzen wir Ihre Daten?<\/b>&nbsp;<br>Ein\nTeil der Daten wird erhoben, um eine fehlerfreie Bereitstellung der Website zu\ngew\u00e4hrleisten. Andere\nDaten\nk\u00f6nnen zur Analyse Ihres\nNutzerverhaltens verwendet werden.&nbsp;<br>\n          <br><b>Welche Rechte haben Sie bez<\/b><b>\u00fc<\/b><b>glich Ihrer Daten?<\/b>&nbsp;<br>Sie\nhaben jederzeit das Recht, unentgeltlich Auskunft \u00fcber Herkunft, Empf\u00e4nger und Zweck Ihrer\ngespeicherten\npersonenbezogenen Daten zu erhalten. Sie haben au\u00dferdem\nein Recht, die Berichtigung oder\nL\u00f6schung dieser Daten zu verlangen. Wenn Sie eine Einwilligung zur\nDatenverarbeitung erteilt haben,\nk\u00f6nnen Sie diese Einwilligung jederzeit f\u00fcr die Zukunft widerrufen. Au\u00dferdem\nhaben Sie das Recht, unter bestimmten\nUmst\u00e4nden die Einschr\u00e4nkung der Verarbeitung Ihrer personenbezogenen Daten zu verlangen.\nDes\nWeiteren steht Ihnen ein Beschwerderecht bei der zust\u00e4ndigen Aufsichtsbeh\u00f6rde\nzu.\nHierzu\nsowie zu weiteren Fragen zum Thema Datenschutz k\u00f6nnen\nSie sich jederzeit an uns wenden.&nbsp;<br>\n          <br><b>2. Hosting<\/b><b>Strato<\/b>&nbsp;<br>Wir\nhosten unsere Website bei Strato. Anbieter ist die Strato AG,\nOtto-Ostrowski-Stra\u00dfe 7, 10249 Berlin\n(nachfolgend\n\u201eStrato\u201c). Wenn Sie unsere\nWebsite besuchen, erfasst Strato verschiedene Logfiles inklusive\nIhrer\nIP-Adressen.\nWeitere\nInformationen entnehmen Sie der Datenschutzerkl\u00e4rung\nvon Strato:\nhttps:\/\/www.strato.de\/datenschutz\/.\nDie\nVerwendung von Strato erfolgt auf Grundlage von Art. 6 Abs. 1 lit. f DSGVO. Wir\nhaben ein berechtigtes\nInteresse\nan einer m\u00f6glichst zuverl\u00e4ssigen Darstellung unserer Website. Sofern eine entsprechende\nEinwilligung\nabgefragt wurde, erfolgt die Verarbeitung ausschlie\u00dflich auf Grundlage von Art. 6 Abs. 1 lit. a\nDSGVO\nund \u00a7 25 Abs. 1 TTDSG, soweit die Einwilligung die\nSpeicherung von Cookies oder den Zugriff auf\nInformationen\nim Endger\u00e4t des Nutzers (z. B.\nDevice-Fingerprinting) im Sinne des TTDSG umfasst. Die\nEinwilligung\nist jederzeit widerrufbar.<br>\n          <br><b>Auftragsverarbeitung<\/b>&nbsp;<br>Wir\nhaben einen Vertrag \u00fcber Auftragsverarbeitung (AVV)\nmit dem oben genannten Anbieter geschlossen.\nHierbei\nhandelt es sich um einen datenschutzrechtlich vorgeschriebenen Vertrag, der gew\u00e4hrleistet, dass\ndieser\ndie personenbezogenen Daten unserer Websitebesucher nur nach unseren Weisungen\nund unter\nEinhaltung\nder DSGVO verarbeitet.&nbsp;<br>\n          <br><b>3. Allgemeine Hinweise und Pflichtinformationen<\/b><b>Datenschutz<\/b>&nbsp;<br>Die\nBetreiber dieser Seiten nehmen den Schutz Ihrer pers\u00f6nlichen Daten sehr ernst. Wir behandeln Ihre\npersonenbezogenen\nDaten vertraulich und entsprechend den gesetzlichen Datenschutzvorschriften\nsowie\ndieser\nDatenschutzerkl\u00e4rung.\nWenn\nSie diese Website benutzen, werden verschiedene personenbezogene Daten erhoben.\nPersonenbezogene\nDaten sind Daten, mit denen Sie pers\u00f6nlich\nidentifiziert werden k\u00f6nnen. Die vorliegende\nDatenschutzerkl\u00e4rung erl\u00e4utert, welche Daten wir erheben\nund wof\u00fcr wir sie nutzen. Sie erl\u00e4utert auch, wie\nund\nzu welchem Zweck das geschieht.\nWir\nweisen darauf hin, dass die Daten\u00fcbertragung\nim Internet (z. B. bei der Kommunikation per E-Mail)\nSicherheitsl\u00fccken aufweisen kann. Ein l\u00fcckenloser\nSchutz der Daten vor dem Zugriff durch Dritte ist nicht\nm\u00f6glich.&nbsp;<br>\n          <br><b>Hinweis zur verantwortlichen Stelle<\/b>&nbsp;<br>Die\nverantwortliche Stelle f\u00fcr die Datenverarbeitung auf\ndieser Website ist:\nGerhard\nund Maria Einhaus\nHolthaus\n10&nbsp; 49699\nLindern\nTelefon:\n05957 \/ 1889\nE-Mail:\nkontakt@ferienwohnung-beim-rosengarten.de\nVerantwortliche\nStelle ist die nat\u00fcrliche oder juristische Person,\ndie allein oder gemeinsam mit anderen \u00fcber\ndie\nZwecke und Mittel der Verarbeitung von personenbezogenen Daten (z. B. Namen,\nE-Mail-Adressen o. \u00c4.)\nentscheidet.<br>\n          <br><b>Speicherdauer<\/b>&nbsp;<br>Soweit\ninnerhalb dieser Datenschutzerkl\u00e4rung\nkeine speziellere Speicherdauer genannt wurde, verbleiben\nIhre\npersonenbezogenen Daten bei uns, bis der Zweck f\u00fcr\ndie Datenverarbeitung entf\u00e4llt. Wenn Sie ein\nberechtigtes\nL\u00f6schersuchen geltend machen oder\neine Einwilligung zur Datenverarbeitung widerrufen,\nwerden\nIhre Daten gel\u00f6scht, sofern wir keine anderen\nrechtlich zul\u00e4ssigen Gr\u00fcnde f\u00fcr die Speicherung Ihrer\npersonenbezogenen\nDaten haben (z. B. steuer- oder handelsrechtliche Aufbewahrungsfristen); im\nletztgenannten\nFall erfolgt die L\u00f6schung nach Fortfall dieser Gr\u00fcnde.&nbsp;<br>\n          <br><b>Allgemeine Hinweise zu den Rechtsgrundlagen der Datenverarbeitung\nauf dieser<\/b><b>Website<\/b>&nbsp;<br>Sofern\nSie in die Datenverarbeitung eingewilligt haben, verarbeiten wir Ihre\npersonenbezogenen Daten auf\nGrundlage\nvon Art. 6 Abs. 1 lit. a DSGVO bzw. Art. 9 Abs. 2 lit. a DSGVO, sofern\nbesondere Datenkategorien\nnach\nArt. 9 Abs. 1 DSGVO verarbeitet werden. Im Falle einer ausdr\u00fccklichen Einwilligung in die \u00dcbertragung\npersonenbezogener\nDaten in Drittstaaten erfolgt die Datenverarbeitung au\u00dferdem auf Grundlage von Art.\n49\nAbs. 1 lit. a DSGVO. Sofern Sie in die Speicherung von Cookies oder in den\nZugriff auf Informationen in\nIhr\nEndger\u00e4t (z. B. via\nDevice-Fingerprinting) eingewilligt haben, erfolgt die Datenverarbeitung zus\u00e4tzlich\nauf\nGrundlage von \u00a7 25 Abs. 1 TTDSG. Die Einwilligung ist\njederzeit widerrufbar. Sind Ihre Daten zur\nVertragserf\u00fcllung oder zur Durchf\u00fchrung\nvorvertraglicher Ma\u00dfnahmen erforderlich, verarbeiten\nwir Ihre\nDaten\nauf Grundlage des Art. 6 Abs. 1 lit. b DSGVO. Des Weiteren verarbeiten wir Ihre\nDaten, sofern diese\nzur\nErf\u00fcllung einer rechtlichen\nVerpflichtung erforderlich sind auf Grundlage von Art. 6 Abs. 1 lit. c DSGVO.\nDie\nDatenverarbeitung kann ferner auf Grundlage unseres berechtigten Interesses\nnach Art. 6 Abs. 1 lit. f\nDSGVO\nerfolgen. \u00dcber die jeweils im Einzelfall\neinschl\u00e4gigen Rechtsgrundlagen wird in\nden folgenden\nAbs\u00e4tzen dieser Datenschutzerkl\u00e4rung\ninformiert.&nbsp;<br>\n          <br><b>Hinweis zur Datenweitergabe in die USA und sonstige Drittstaaten<\/b>&nbsp;<br>Wir\nverwenden unter anderem Tools von Unternehmen mit Sitz in den USA oder\nsonstigen\ndatenschutzrechtlich\nnicht sicheren Drittstaaten. Wenn diese Tools aktiv sind, k\u00f6nnen Ihre\npersonenbezogene\nDaten in diese Drittstaaten \u00fcbertragen und dort verarbeitet\nwerden. Wir weisen darauf\nhin,\ndass in diesen L\u00e4ndern kein mit der EU\nvergleichbares Datenschutzniveau garantiert werden kann.\nBeispielsweise\nsind US-Unternehmen dazu verpflichtet, personenbezogene Daten an Sicherheitsbeh\u00f6rden\nherauszugeben,\nohne dass Sie als Betroffener hiergegen gerichtlich vorgehen k\u00f6nnten. Es kann daher nicht\nausgeschlossen\nwerden, dass US-Beh\u00f6rden (z. B. Geheimdienste) Ihre\nauf US-Servern befindlichen Daten zu\n\u00dcberwachungszwecken\nverarbeiten, auswerten und dauerhaft speichern. Wir haben auf diese\nVerarbeitungst\u00e4tigkeiten keinen Einfluss.&nbsp;<br>\n          <br><b>Widerruf Ihrer Einwilligung zur Datenverarbeitung<\/b>&nbsp;<br>Viele\nDatenverarbeitungsvorg\u00e4nge sind nur mit Ihrer ausdr\u00fccklichen Einwilligung m\u00f6glich.\nSie k\u00f6nnen eine\nbereits\nerteilte Einwilligung jederzeit widerrufen. Die Rechtm\u00e4\u00dfigkeit der bis zum Widerruf erfolgten\nDatenverarbeitung\nbleibt vom Widerruf unber\u00fchrt.&nbsp;<br>\n          <br><b>Widerspruchsrecht gegen die Datenerhebung in besonderen F<\/b><b>\u00e4<\/b><b>llen sowie gegen&nbsp;<\/b><b>Direktwerbung (Art. 21 DSGVO)<\/b>&nbsp;<br>WENN\nDIE DATENVERARBEITUNG AUF GRUNDLAGE VON ART. 6 ABS. 1 LIT. E ODER F DSGVO\nERFOLGT,\nHABEN SIE JEDERZEIT DAS RECHT, AUS GR\u00dcNDEN,\nDIE SICH AUS IHRER BESONDEREN\nSITUATION\nERGEBEN, GEGEN DIE VERARBEITUNG IHRER PERSONENBEZOGENEN DATEN\nWIDERSPRUCH\nEINZULEGEN; DIES GILT AUCH F\u00dcR EIN AUF DIESE BESTIMMUNGEN\nGEST\u00dcTZTES\nPROFILING.\nDIE JEWEILIGE RECHTSGRUNDLAGE, AUF DENEN EINE VERARBEITUNG BERUHT,\nENTNEHMEN\nSIE DIESER DATENSCHUTZERKL\u00c4RUNG. WENN SIE WIDERSPRUCH\nEINLEGEN,\nWERDEN\nWIR IHRE BETROFFENEN PERSONENBEZOGENEN DATEN NICHT MEHR VERARBEITEN, ES\nSEI\nDENN, WIR K\u00d6NNEN ZWINGENDE SCHUTZW\u00dcRDIGE GR\u00dcNDE F\u00dcR DIE VERARBEITUNG\nNACHWEISEN,\nDIE IHRE INTERESSEN, RECHTE UND FREIHEITEN \u00dcBERWIEGEN\nODER DIE\nVERARBEITUNG\nDIENT DER GELTENDMACHUNG, AUS\u00dcBUNG ODER VERTEIDIGUNG VON\nRECHTSANSPR\u00dcCHEN (WIDERSPRUCH NACH ART. 21 ABS. 1 DSGVO).\nWERDEN\nIHRE PERSONENBEZOGENEN DATEN VERARBEITET, UM DIREKTWERBUNG ZU BETREIBEN,\nSO\nHABEN SIE DAS RECHT, JEDERZEIT WIDERSPRUCH GEGEN DIE VERARBEITUNG SIE\nBETREFFENDER\nPERSONENBEZOGENER DATEN ZUM ZWECKE DERARTIGER WERBUNG\nEINZULEGEN;\nDIES GILT AUCH F\u00dcR DAS PROFILING, SOWEIT ES MIT\nSOLCHER DIREKTWERBUNG IN\nVERBINDUNG\nSTEHT. WENN SIE WIDERSPRECHEN, WERDEN IHRE PERSONENBEZOGENEN DATEN\nANSCHLIESSEND\nNICHT MEHR ZUM ZWECKE DER DIREKTWERBUNG VERWENDET (WIDERSPRUCH\nNACH\nART. 21 ABS. 2 DSGVO).&nbsp;<br>\n          <br><b>Beschwerderecht bei der zust<\/b><b>\u00e4<\/b><b>ndigen Aufsichtsbeh<\/b><b>\u00f6<\/b><b>rde<\/b>&nbsp;<br>Im\nFalle von Verst\u00f6\u00dfen gegen die DSGVO steht den\nBetroffenen ein Beschwerderecht bei einer\nAufsichtsbeh\u00f6rde, insbesondere in dem Mitgliedstaat ihres gew\u00f6hnlichen Aufenthalts, ihres Arbeitsplatzes\noder\ndes Orts des mutma\u00dflichen Versto\u00dfes zu. Das Beschwerderecht besteht unbeschadet anderweitiger\nverwaltungsrechtlicher\noder gerichtlicher Rechtsbehelfe.&nbsp;<br>\n          <br><b>Recht auf Daten<\/b><b>\u00fc<\/b><b>bertragbarkeit<\/b>&nbsp;<br>Sie\nhaben das Recht, Daten, die wir auf Grundlage Ihrer Einwilligung oder in Erf\u00fcllung eines Vertrags\nautomatisiert\nverarbeiten, an sich oder an einen Dritten in einem g\u00e4ngigen, maschinenlesbaren Format\naush\u00e4ndigen zu lassen. Sofern Sie die direkte \u00dcbertragung der Daten an einen anderen Verantwortlichen\nverlangen,\nerfolgt dies nur, soweit es technisch machbar ist.&nbsp;<br>\n          <br><b>SSL- bzw. TLS-Verschl<\/b><b>\u00fc<\/b><b>sselung<\/b>&nbsp;<br>Diese\nSeite nutzt aus Sicherheitsgr\u00fcnden und zum Schutz der \u00dcbertragung vertraulicher Inhalte, wie zum\nBeispiel\nBestellungen oder Anfragen, die Sie an uns als Seitenbetreiber senden, eine\nSSL- bzw. TLSVerschl\u00fcsselung.\nEine\nverschl\u00fcsselte Verbindung erkennen Sie\ndaran, dass die Adresszeile des Browsers von\n\u201ehttp:\/\/\u201c\nauf \u201ehttps:\/\/\u201c wechselt und an\ndem Schloss-Symbol in Ihrer Browserzeile.\nWenn\ndie SSL- bzw. TLS-Verschl\u00fcsselung aktiviert ist, k\u00f6nnen die Daten, die Sie an uns \u00fcbermitteln,\nnicht\nvon\nDritten mitgelesen werden.&nbsp;<br>\n          <br><b>Auskunft, L<\/b><b>\u00f6<\/b><b>schung und Berichtigung<\/b>&nbsp;<br>Sie\nhaben im Rahmen der geltenden gesetzlichen Bestimmungen jederzeit das Recht auf\nunentgeltliche\nAuskunft\n\u00fcber Ihre gespeicherten\npersonenbezogenen Daten, deren Herkunft und Empf\u00e4nger\nund den\nZweck\nder Datenverarbeitung und ggf. ein Recht auf Berichtigung oder L\u00f6schung dieser Daten. Hierzu sowie\nzu\nweiteren Fragen zum Thema personenbezogene Daten k\u00f6nnen Sie sich jederzeit an uns wenden.&nbsp;<br>\n          <br><b>Recht auf Einschr<\/b><b>\u00e4<\/b><b>nkung der Verarbeitung<\/b>&nbsp;<br>Sie\nhaben das Recht, die Einschr\u00e4nkung der Verarbeitung Ihrer\npersonenbezogenen Daten zu verlangen.\nHierzu\nk\u00f6nnen Sie sich jederzeit an uns\nwenden. Das Recht auf Einschr\u00e4nkung der Verarbeitung besteht\nin\nfolgenden\nF\u00e4llen:\nWenn\nSie die Richtigkeit Ihrer bei uns gespeicherten personenbezogenen Daten\nbestreiten, ben\u00f6tigen wir\nin\nder Regel Zeit, um dies zu \u00fcberpr\u00fcfen. F\u00fcr die Dauer der Pr\u00fcfung haben Sie das Recht, die\nEinschr\u00e4nkung der Verarbeitung Ihrer personenbezogenen Daten zu verlangen.\nWenn\ndie Verarbeitung Ihrer personenbezogenen Daten unrechtm\u00e4\u00dfig geschah\/geschieht, k\u00f6nnen\nSie\nstatt\nder L\u00f6schung die Einschr\u00e4nkung der Datenverarbeitung verlangen.\nWenn\nwir Ihre personenbezogenen Daten nicht mehr ben\u00f6tigen,\nSie sie jedoch zur Aus\u00fcbung,\nVerteidigung\noder Geltendmachung von Rechtsanspr\u00fcchen\nben\u00f6tigen, haben Sie das Recht,\nstatt der\nL\u00f6schung die Einschr\u00e4nkung der Verarbeitung Ihrer\npersonenbezogenen Daten zu verlangen.\nWenn\nSie einen Widerspruch nach Art. 21 Abs. 1 DSGVO eingelegt haben, muss eine Abw\u00e4gung zwischen\nIhren\nund unseren Interessen vorgenommen werden. Solange noch nicht feststeht, wessen\nInteressen\n\u00fcberwiegen,\nhaben Sie das Recht, die Einschr\u00e4nkung\nder Verarbeitung Ihrer personenbezogenen Daten\nzu\nverlangen.\nWenn\nSie die Verarbeitung Ihrer personenbezogenen Daten eingeschr\u00e4nkt haben, d\u00fcrfen diese Daten \u2013 von\nihrer\nSpeicherung abgesehen \u2013 nur mit Ihrer Einwilligung oder\nzur Geltendmachung, Aus\u00fcbung oder\nVerteidigung\nvon Rechtsanspr\u00fcchen oder zum Schutz der Rechte\neiner anderen nat\u00fcrlichen oder\njuristischen\nPerson oder aus Gr\u00fcnden eines wichtigen \u00f6ffentlichen Interesses der Europ\u00e4ischen\nUnion oder\neines\nMitgliedstaats verarbeitet werden.&nbsp;<br>\n          <br><b>Widerspruch gegen Werbe-E-Mails<\/b>&nbsp;<br>Der\nNutzung von im Rahmen der Impressumspflicht ver\u00f6ffentlichten\nKontaktdaten zur \u00dcbersendung von\nnicht\nausdr\u00fccklich angeforderter Werbung und\nInformationsmaterialien wird hiermit widersprochen. Die\nBetreiber\nder Seiten behalten sich ausdr\u00fccklich rechtliche Schritte im\nFalle der unverlangten Zusendung von\nWerbeinformationen,\netwa durch Spam-E-Mails, vor.&nbsp;<br>\n          <br><b>4. Datenerfassung auf dieser Website<\/b><b>Cookies<\/b>&nbsp;<br>Unsere\nInternetseiten verwenden so genannte \u201eCookies\u201c. Cookies sind kleine Textdateien und richten auf\nIhrem\nEndger\u00e4t keinen Schaden an. Sie werden\nentweder vor\u00fcbergehend f\u00fcr die Dauer einer Sitzung\n(Session-Cookies)\noder dauerhaft (permanente Cookies) auf Ihrem Endger\u00e4t gespeichert. Session-Cookies\nwerden\nnach Ende Ihres Besuchs automatisch gel\u00f6scht.\nPermanente Cookies bleiben auf Ihrem Endger\u00e4t\ngespeichert,\nbis Sie diese selbst l\u00f6schen oder eine automatische L\u00f6schung durch Ihren Webbrowser erfolgt.\nTeilweise\nk\u00f6nnen auch Cookies von Drittunternehmen\nauf Ihrem Endger\u00e4t gespeichert werden, wenn Sie\nunsere Seite betreten\n(Third-Party-Cookies). Diese erm\u00f6glichen uns oder Ihnen die Nutzung bestimmter\nDienstleistungen\ndes Drittunternehmens (z. B. Cookies zur Abwicklung von Zahlungsdienstleistungen).\nCookies\nhaben verschiedene Funktionen. Zahlreiche Cookies sind technisch notwendig, da\nbestimmte\nWebsitefunktionen\nohne diese nicht funktionieren w\u00fcrden\n(z. B. die Warenkorbfunktion oder die Anzeige\nvon\nVideos). Andere Cookies dienen dazu, das Nutzerverhalten auszuwerten oder\nWerbung anzuzeigen.\nCookies,\ndie zur Durchf\u00fchrung des elektronischen\nKommunikationsvorgangs, zur Bereitstellung\nbestimmter,\nvon Ihnen erw\u00fcnschter Funktionen (z. B. f\u00fcr die Warenkorbfunktion) oder zur Optimierung der\nWebsite\n(z. B. Cookies zur Messung des Webpublikums) erforderlich sind (notwendige\nCookies), werden auf\nGrundlage\nvon Art. 6 Abs. 1 lit. f DSGVO gespeichert, sofern keine andere Rechtsgrundlage\nangegeben wird.\nDer\nWebsitebetreiber hat ein berechtigtes Interesse an der Speicherung von\nnotwendigen Cookies zur\ntechnisch\nfehlerfreien und optimierten Bereitstellung seiner Dienste. Sofern eine\nEinwilligung zur Speicherung\nvon Cookies und vergleichbaren Wiedererkennungstechnologien abgefragt wurde,\nerfolgt die\nVerarbeitung\nausschlie\u00dflich auf Grundlage dieser\nEinwilligung (Art. 6 Abs. 1 lit. a DSGVO und \u00a7 25 Abs.\n1\nTTDSG);\ndie Einwilligung ist jederzeit widerrufbar.\nSie\nk\u00f6nnen Ihren Browser so\neinstellen, dass Sie \u00fcber das Setzen von Cookies\ninformiert werden und\nCookies\nnur im Einzelfall erlauben, die Annahme von Cookies f\u00fcr bestimmte F\u00e4lle oder generell ausschlie\u00dfen\nsowie\ndas automatische L\u00f6schen der Cookies beim Schlie\u00dfen des Browsers aktivieren. Bei der\nDeaktivierung\nvon Cookies kann die Funktionalit\u00e4t\ndieser Website eingeschr\u00e4nkt sein.\nSoweit\nCookies von Drittunternehmen oder zu Analysezwecken eingesetzt werden, werden\nwir Sie hier\u00fcber\nim\nRahmen dieser Datenschutzerkl\u00e4rung gesondert informieren und\nggf. eine Einwilligung abfragen.&nbsp;<br>\n          <br><b>Kontaktformular<\/b>&nbsp;<br>Wenn\nSie uns per Kontaktformular Anfragen zukommen lassen, werden Ihre Angaben aus\ndem\nAnfrageformular\ninklusive der von Ihnen dort angegebenen Kontaktdaten zwecks Bearbeitung der\nAnfrage\nund\nf\u00fcr den Fall von Anschlussfragen\nbei uns gespeichert. Diese Daten geben wir nicht ohne Ihre\nEinwilligung\nweiter.\nDie\nVerarbeitung dieser Daten erfolgt auf Grundlage von Art. 6 Abs. 1 lit. b DSGVO,\nsofern Ihre Anfrage mit\nder\nErf\u00fcllung eines Vertrags zusammenh\u00e4ngt oder zur Durchf\u00fchrung\nvorvertraglicher Ma\u00dfnahmen\nerforderlich\nist. In allen \u00fcbrigen F\u00e4llen beruht die Verarbeitung auf unserem berechtigten Interesse an\nder\neffektiven\nBearbeitung der an uns gerichteten Anfragen (Art. 6 Abs. 1 lit. f DSGVO) oder\nauf Ihrer\nEinwilligung\n(Art. 6 Abs. 1 lit. a DSGVO) sofern diese abgefragt wurde; die Einwilligung ist\njederzeit\nwiderrufbar.\nDie\nvon Ihnen im Kontaktformular eingegebenen Daten verbleiben bei uns, bis Sie uns\nzur L\u00f6schung\nauffordern,\nIhre Einwilligung zur Speicherung widerrufen oder der Zweck f\u00fcr die Datenspeicherung entf\u00e4llt\n(z.\nB. nach abgeschlossener Bearbeitung Ihrer Anfrage). Zwingende gesetzliche\nBestimmungen \u2013\ninsbesondere\nAufbewahrungsfristen \u2013 bleiben unber\u00fchrt.&nbsp;<br>\n          <br><b>Anfrage per E-Mail, Telefon oder Telefax<\/b>&nbsp;<br>Wenn\nSie uns per E-Mail, Telefon oder Telefax kontaktieren, wird Ihre Anfrage\ninklusive aller daraus\nhervorgehenden\npersonenbezogenen Daten (Name, Anfrage) zum Zwecke der Bearbeitung Ihres\nAnliegens\nbei\nuns gespeichert und verarbeitet. Diese Daten geben wir nicht ohne Ihre\nEinwilligung weiter.\nDie\nVerarbeitung dieser Daten erfolgt auf Grundlage von Art. 6 Abs. 1 lit. b DSGVO,\nsofern Ihre Anfrage mit\nder\nErf\u00fcllung eines Vertrags zusammenh\u00e4ngt oder zur Durchf\u00fchrung\nvorvertraglicher Ma\u00dfnahmen\nerforderlich\nist. In allen \u00fcbrigen F\u00e4llen beruht die Verarbeitung auf unserem berechtigten Interesse an\nder\neffektiven\nBearbeitung der an uns gerichteten Anfragen (Art. 6 Abs. 1 lit. f DSGVO) oder\nauf Ihrer\nEinwilligung\n(Art. 6 Abs. 1 lit. a DSGVO) sofern diese abgefragt wurde; die Einwilligung ist\njederzeit\nwiderrufbar.\nDie\nvon Ihnen an uns per Kontaktanfragen \u00fcbersandten\nDaten verbleiben bei uns, bis Sie uns zur L\u00f6schung\nauffordern,\nIhre Einwilligung zur Speicherung widerrufen oder der Zweck f\u00fcr die Datenspeicherung entf\u00e4llt\n(z.\nB. nach abgeschlossener Bearbeitung Ihres Anliegens). Zwingende gesetzliche\nBestimmungen \u2013\ninsbesondere\ngesetzliche Aufbewahrungsfristen \u2013 bleiben unber\u00fchrt.&nbsp;<br>\n          <br><b>5. Plugins und Tools<\/b><b>Google Web Fonts<\/b>&nbsp;<br>Diese\nSeite nutzt zur einheitlichen Darstellung von Schriftarten so genannte Web\nFonts, die von Google bereitgestellt\nwerden. Beim Aufruf einer Seite l\u00e4dt\nIhr Browser die ben\u00f6tigten Web Fonts in ihren\nBrowsercache,\num Texte und Schriftarten korrekt anzuzeigen.\nZu\ndiesem Zweck muss der von Ihnen verwendete Browser Verbindung zu den Servern\nvon Google\naufnehmen.\nHierdurch erlangt Google Kenntnis dar\u00fcber,\ndass \u00fcber Ihre IP-Adresse diese\nWebsite\naufgerufen\nwurde. Die Nutzung von Google WebFonts erfolgt auf Grundlage von Art. 6 Abs. 1\nlit. f DSGVO.\nDer\nWebsitebetreiber hat ein berechtigtes Interesse an der einheitlichen Darstellung\ndes Schriftbildes auf\nseiner\nWebsite. Sofern eine entsprechende Einwilligung abgefragt wurde, erfolgt die\nVerarbeitung\nausschlie\u00dflich auf Grundlage von Art. 6 Abs. 1 lit. a DSGVO und \u00a7 25 Abs. 1 TTDSG, soweit die Einwilligung\ndie\nSpeicherung von Cookies oder den Zugriff auf Informationen im Endger\u00e4t des Nutzers (z. B. Device-\nFingerprinting)\nim Sinne des TTDSG umfasst. Die Einwilligung ist jederzeit widerrufbar.\nWenn\nIhr Browser Web Fonts nicht unterst\u00fctzt,\nwird eine Standardschrift von Ihrem Computer genutzt.\nWeitere\nInformationen zu Google Web Fonts finden Sie unter\nhttps:\/\/developers.google.com\/fonts\/faq\nund in der Datenschutzerkl\u00e4rung von Google:\nhttps:\/\/policies.google.com\/privacy?hl=de.&nbsp;<br>\n          <br><b>Google Maps<\/b>&nbsp;<br>Diese\nSeite nutzt den Kartendienst Google Maps. Anbieter ist die Google Ireland Limited (\u201eGoogle\u201c),\nGordon\nHouse, Barrow Street, Dublin 4, Irland.\nZur\nNutzung der Funktionen von Google Maps ist es notwendig, Ihre IP-Adresse zu\nspeichern. Diese\nInformationen\nwerden in der Regel an einen Server von Google in den USA \u00fcbertragen und dort gespeichert.\nDer\nAnbieter dieser Seite hat keinen Einfluss auf diese Daten\u00fcbertragung. Wenn Google Maps aktiviert ist,\nkann\nGoogle zum Zwecke der einheitlichen Darstellung der Schriftarten Google Web\nFonts verwenden.\nBeim\nAufruf von Google Maps l\u00e4dt Ihr Browser die ben\u00f6tigten Web Fonts in ihren Browsercache, um Texte\nund\nSchriftarten korrekt anzuzeigen.\nDie\nNutzung von Google Maps erfolgt im Interesse einer ansprechenden Darstellung\nunserer Online-\nAngebote\nund an einer leichten Auffindbarkeit der von uns auf der Website angegebenen\nOrte. Dies stellt\nein\nberechtigtes Interesse im Sinne von Art. 6 Abs. 1 lit. f DSGVO dar. Sofern eine\nentsprechende\nEinwilligung\nabgefragt wurde, erfolgt die Verarbeitung ausschlie\u00dflich auf Grundlage von Art. 6 Abs. 1 lit. a\nDSGVO\nund \u00a7 25 Abs. 1 TTDSG, soweit die Einwilligung die\nSpeicherung von Cookies oder den Zugriff auf\nInformationen\nim Endger\u00e4t des Nutzers (z. B.\nDevice-Fingerprinting) im Sinne des TTDSG umfasst. Die\nEinwilligung\nist jederzeit widerrufbar.\nDie\nDaten\u00fcbertragung in die USA wird auf\ndie Standardvertragsklauseln der EU-Kommission gest\u00fctzt.\nDetails\nfinden Sie hier:\nhttps:\/\/privacy.google.com\/businesses\/gdprcontrollerterms\/\nund\nhttps:\/\/privacy.google.com\/businesses\/gdprcontrollerterms\/sccs\/.\nMehr\nInformationen zum Umgang mit Nutzerdaten finden Sie in der Datenschutzerkl\u00e4rung von Google:\nhttps:\/\/policies.google.com\/privacy?hl=de.&nbsp;<br>\n          <br>Quelle:\nhttps:\/\/www.e-recht24.de \n        <\/p>\n      <\/div>\n    <\/section>\n    \n    \n  \n","protected":false},"excerpt":{"rendered":"<p>Datenschutzvereinbarung 1. Datenschutz auf einen BlickAllgemeine Hinweise&nbsp;Die folgenden Hinweise geben einen einfachen \u00dcberblick dar\u00fcber, was mit Ihren personenbezogenen Daten passiert, wenn Sie diese Website besuchen. Personenbezogene Daten sind alle Daten, mit denen Sie pers\u00f6nlich identifiziert werden k\u00f6nnen. Ausf\u00fchrliche Informationen zum Thema Datenschutz entnehmen Sie unserer unter diesem Text aufgef\u00fchrten Datenschutzerkl\u00e4rung.&nbsp; Datenerfassung auf dieser WebsiteWer ist &hellip; <a href=\"https:\/\/www.ferienwohnung-beim-rosengarten.de\/?page_id=89\" class=\"more-link\">Continue reading<span class=\"screen-reader-text\"> &#8222;Datenschutzvereinbarung&#8220;<\/span><\/a><\/p>\n","protected":false},"author":1,"featured_media":0,"parent":0,"menu_order":4,"comment_status":"closed","ping_status":"closed","template":"","meta":{"footnotes":""},"class_list":["post-89","page","type-page","status-publish","hentry"],"_links":{"self":[{"href":"https:\/\/www.ferienwohnung-beim-rosengarten.de\/index.php?rest_route=\/wp\/v2\/pages\/89","targetHints":{"allow":["GET"]}}],"collection":[{"href":"https:\/\/www.ferienwohnung-beim-rosengarten.de\/index.php?rest_route=\/wp\/v2\/pages"}],"about":[{"href":"https:\/\/www.ferienwohnung-beim-rosengarten.de\/index.php?rest_route=\/wp\/v2\/types\/page"}],"author":[{"embeddable":true,"href":"https:\/\/www.ferienwohnung-beim-rosengarten.de\/index.php?rest_route=\/wp\/v2\/users\/1"}],"replies":[{"embeddable":true,"href":"https:\/\/www.ferienwohnung-beim-rosengarten.de\/index.php?rest_route=%2Fwp%2Fv2%2Fcomments&post=89"}],"version-history":[{"count":1,"href":"https:\/\/www.ferienwohnung-beim-rosengarten.de\/index.php?rest_route=\/wp\/v2\/pages\/89\/revisions"}],"predecessor-version":[{"id":103,"href":"https:\/\/www.ferienwohnung-beim-rosengarten.de\/index.php?rest_route=\/wp\/v2\/pages\/89\/revisions\/103"}],"wp:attachment":[{"href":"https:\/\/www.ferienwohnung-beim-rosengarten.de\/index.php?rest_route=%2Fwp%2Fv2%2Fmedia&parent=89"}],"curies":[{"name":"wp","href":"https:\/\/api.w.org\/{rel}","templated":true}]}}