{"id":92,"date":"2022-06-08T10:19:34","date_gmt":"2022-06-08T10:19:34","guid":{"rendered":"https:\/\/ferienwohnung-beim-rosengarten.de\/?page_id=92"},"modified":"2022-06-08T10:19:37","modified_gmt":"2022-06-08T10:19:37","slug":"leistungen","status":"publish","type":"page","link":"https:\/\/www.ferienwohnung-beim-rosengarten.de\/?page_id=92","title":{"rendered":"Leistungen"},"content":{"rendered":"\n  \n    <section class=\"u-clearfix u-image lazyload u-section-1\" id=\"sec-1033\" data-image-width=\"902\" data-image-height=\"600\" data-bg=\"url(&quot;https:\/\/www.ferienwohnung-beim-rosengarten.de\/wp-content\/uploads\/2022\/06\/Garten_23.jpg&quot;)\">\n      <div class=\"u-clearfix u-sheet u-valign-middle-lg u-valign-middle-md u-valign-middle-sm u-valign-middle-xs u-sheet-1\">\n        <div class=\"u-container-style u-expanded-width-sm u-expanded-width-xs u-group u-shape-rectangle u-group-1\">\n          <div class=\"u-container-layout u-container-layout-1\">\n            <h2 class=\"u-custom-font u-font-pt-sans u-text u-text-default u-text-white u-text-1\" data-animation-name=\"customAnimationIn\" data-animation-duration=\"1000\">Hier kann man viel erleben<\/h2>\n            <h5 class=\"u-custom-font u-font-pt-sans u-text u-text-default u-text-palette-2-base u-text-2\" data-animation-name=\"customAnimationIn\" data-animation-duration=\"1000\">Entspannung ab dem ersten Tag<\/h5>\n            <div class=\"u-border-4 u-border-palette-1-base u-line u-line-horizontal u-line-1\" data-animation-name=\"customAnimationIn\" data-animation-duration=\"1000\"><\/div>\n          <\/div>\n        <\/div>\n      <\/div>\n    <\/section>\n    <section class=\"u-align-center-lg u-align-center-md u-align-center-xl u-align-left-sm u-align-left-xs u-clearfix u-white u-section-2\" id=\"carousel_c467\">\n      <div class=\"u-clearfix u-sheet u-sheet-1\">\n        <h1 class=\"u-text u-text-1\" data-animation-name=\"customAnimationIn\" data-animation-duration=\"1000\" data-animation-direction=\"\">Sie k\u00f6nnen sich auf uns verlassen<\/h1>\n        <p class=\"u-custom-font u-font-pt-sans u-text u-text-2\" data-animation-name=\"customAnimationIn\" data-animation-duration=\"1000\"> Der Gast ist bei uns K\u00f6nig, daher versuchen wir, Ihnen den Aufenthalt in unserem Idyll so angenehm wie m\u00f6glich zu gestalten.&nbsp;Daf\u00fcr kann unser morgendlicher&nbsp;Br\u00f6tchenservice&nbsp;sorgen, aber auch die&nbsp;Organisation von Ausfl\u00fcgen&nbsp;in die Umgebung, der&nbsp;Besuch eines Bauernhofs&nbsp;mit Ihren Kindern oder eine&nbsp;Fahrradtour&nbsp;sind nur einige unserer Vorschl\u00e4ge. M\u00f6glich ist es auch, vor der Anreise den&nbsp;Lebensmitteleinkauf&nbsp;von uns t\u00e4tigen zu lassen, so dass bei Ihrer Ankunft der K\u00fchlschrank bereits gef\u00fcllt ist (Unkostenerstattung). Getr\u00e4nke stehen auf Wunsch bei uns f\u00fcr Sie ebenfalls bereit und werden dann bei der Abreise bezahlt.<\/p>\n        <div class=\"u-border-1 u-border-grey-dark-1 u-line u-line-horizontal u-line-1\"><\/div>\n      <\/div>\n    <\/section>\n    <section class=\"u-align-center u-clearfix u-grey-5 u-section-3\" id=\"carousel_5fb1\">\n      <div class=\"u-expanded-width u-palette-1-base u-shape u-shape-rectangle u-shape-1\"><\/div>\n      <div class=\"u-list u-list-1\">\n        <div class=\"u-repeater u-repeater-1\">\n          <div class=\"u-align-center u-container-style u-list-item u-radius-10 u-repeater-item u-shape-round u-white u-list-item-1\" data-animation-name=\"customAnimationIn\" data-animation-duration=\"1000\">\n            <div class=\"u-container-layout u-similar-container u-container-layout-1\"><span class=\"u-file-icon u-icon u-icon-1\"><img decoding=\"async\" src=\"https:\/\/www.ferienwohnung-beim-rosengarten.de\/wp-content\/uploads\/2022\/06\/751429.png\" alt=\"\"><\/span>\n              <h4 class=\"u-text u-text-default-xl u-text-palette-1-base u-text-1\">Malkurs<br>\n              <\/h4>\n              <p class=\"u-text u-text-2\"> Ein besonderes Erlebnis bieten wir Ihnen mit einem Malkurs.<\/p>\n              <a href=\"https:\/\/ferienwohnung-beim-rosengarten.de\/?page_id=92#sec-e241\" class=\"u-border-2 u-border-black u-btn u-button-style u-hover-black u-none u-text-active-palette-1-base u-text-black u-text-hover-white u-btn-1\">Mehr Erfahren<\/a>\n            <\/div>\n          <\/div>\n          <div class=\"u-align-center u-container-style u-list-item u-radius-10 u-repeater-item u-shape-round u-white u-list-item-2\" data-animation-name=\"customAnimationIn\" data-animation-duration=\"1000\">\n            <div class=\"u-container-layout u-similar-container u-container-layout-2\"><span class=\"u-file-icon u-icon u-icon-2\"><img decoding=\"async\" src=\"https:\/\/www.ferienwohnung-beim-rosengarten.de\/wp-content\/uploads\/2022\/06\/3014466.png\" alt=\"\"><\/span>\n              <h4 class=\"u-text u-text-default-xl u-text-palette-1-base u-text-3\">Br\u00f6tchenservice<\/h4>\n              <p class=\"u-text u-text-4\">Der Gast ist bei uns K\u00f6nig.<br>\n                <br>\n              <\/p>\n              <a href=\"https:\/\/ferienwohnung-beim-rosengarten.de\/?page_id=91#carousel_646b\" class=\"u-border-2 u-border-black u-btn u-button-style u-hover-black u-none u-text-active-palette-1-base u-text-black u-text-hover-white u-btn-2\">Kontakt<\/a>\n            <\/div>\n          <\/div>\n          <div class=\"u-align-center u-container-style u-list-item u-radius-10 u-repeater-item u-shape-round u-white u-list-item-3\" data-animation-name=\"customAnimationIn\" data-animation-duration=\"1000\">\n            <div class=\"u-container-layout u-similar-container u-container-layout-3\"><span class=\"u-file-icon u-icon u-icon-3\"><img decoding=\"async\" src=\"https:\/\/www.ferienwohnung-beim-rosengarten.de\/wp-content\/uploads\/2022\/06\/855003.png\" alt=\"\"><\/span>\n              <h4 class=\"u-text u-text-default-xl u-text-palette-1-base u-text-5\">Unsere Umgebung<\/h4>\n              <p class=\"u-text u-text-6\">Erleben Sie unsere wunderbare Natur und Sehensw\u00fcrdigkeiten<\/p>\n              <a href=\"https:\/\/ferienwohnung-beim-rosengarten.de\/?page_id=92#carousel_222a\" class=\"u-border-2 u-border-black u-btn u-button-style u-hover-black u-none u-text-active-palette-1-base u-text-black u-text-hover-white u-btn-3\">Mehr Erfahren<\/a>\n            <\/div>\n          <\/div>\n        <\/div>\n      <\/div>\n    <\/section>\n    <section class=\"u-clearfix u-section-4\" id=\"sec-e241\">\n      <div class=\"u-clearfix u-sheet u-sheet-1\">\n        <div class=\"u-clearfix u-expanded-width u-layout-wrap u-layout-wrap-1\">\n          <div class=\"u-layout\">\n            <div class=\"u-layout-row\">\n              <div class=\"u-container-style u-layout-cell u-size-41 u-layout-cell-1\">\n                <div class=\"u-container-layout u-container-layout-1\">\n                  <h1 class=\"u-text u-text-1\" data-animation-name=\"customAnimationIn\" data-animation-duration=\"1000\" data-animation-direction=\"\">Malerkurs<\/h1>\n                  <p class=\"u-custom-font u-font-pt-sans u-text u-text-2\" data-animation-name=\"customAnimationIn\" data-animation-duration=\"1000\"> Einen besonderes Erlebnis bieten wir Ihnen mit einem Malkurs in unserem eigenen Atelier (weiteres Geb\u00e4ude auf unserem Hof) an.&nbsp;Entdecken Sie Ihre kreative Ader und lernen Sie mit \u00d6lfarben auf Leinwand zu malen. N\u00e4here Informationen erfahren Sie \u00fcber unser Kontaktformular, per Email-Anfrage oder auch gerne telefonisch.<\/p>\n                <\/div>\n              <\/div>\n              <div class=\"u-align-left u-container-style u-image u-layout-cell u-size-19 lazyload u-image-1\" data-image-width=\"1600\" data-image-height=\"1200\" data-animation-name=\"customAnimationIn\" data-animation-duration=\"1000\" data-bg=\"url(&quot;https:\/\/www.ferienwohnung-beim-rosengarten.de\/wp-content\/uploads\/2022\/06\/K1600_IMG_0690.jpg&quot;)\">\n                <div class=\"u-container-layout u-valign-middle u-container-layout-2\"><\/div>\n              <\/div>\n            <\/div>\n          <\/div>\n        <\/div>\n        <div class=\"u-clearfix u-expanded-width u-gutter-30 u-layout-wrap u-layout-wrap-2\">\n          <div class=\"u-layout\">\n            <div class=\"u-layout-row\">\n              <div class=\"u-container-style u-image u-layout-cell u-size-30 lazyload u-image-2\" data-image-width=\"1600\" data-image-height=\"1200\" data-animation-name=\"customAnimationIn\" data-animation-duration=\"1000\" data-bg=\"url(&quot;https:\/\/www.ferienwohnung-beim-rosengarten.de\/wp-content\/uploads\/2022\/06\/K1600_IMG_0195.jpg&quot;)\">\n                <div class=\"u-container-layout u-container-layout-3\"><\/div>\n              <\/div>\n              <div class=\"u-container-style u-image u-layout-cell u-size-30 lazyload u-image-3\" data-image-width=\"1600\" data-image-height=\"1200\" data-animation-name=\"customAnimationIn\" data-animation-duration=\"1000\" data-bg=\"url(&quot;https:\/\/www.ferienwohnung-beim-rosengarten.de\/wp-content\/uploads\/2022\/06\/K1600_IMG_0161.jpg&quot;)\">\n                <div class=\"u-container-layout u-container-layout-4\"><\/div>\n              <\/div>\n            <\/div>\n          <\/div>\n        <\/div>\n      <\/div>\n    <\/section>\n    <section class=\"u-align-center u-clearfix u-grey-10 u-section-5\" id=\"carousel_222a\">\n      <div class=\"u-clearfix u-sheet u-sheet-1\">\n        <h1 class=\"u-text u-text-1\" data-animation-name=\"customAnimationIn\" data-animation-duration=\"1000\" data-animation-direction=\"\">Was gibt es alles zu entdecken ?<\/h1>\n        <div class=\"u-expanded-width u-list u-list-1\">\n          <div class=\"u-repeater u-repeater-1\">\n            <div class=\"u-align-center u-container-style u-custom-item u-list-item u-palette-1-base u-radius-20 u-repeater-item u-shape-round u-video-cover u-list-item-1\">\n              <div class=\"u-container-layout u-similar-container u-container-layout-1\">\n                <h4 class=\"u-custom-font u-font-pt-sans u-text u-text-body-alt-color u-text-2\">Oldenburger M\u00fcnsterland<\/h4>\n                <a href=\"https:\/\/www.oldenburger-muensterland.de\/\" class=\"u-border-2 u-border-black u-btn u-button-style u-hover-black u-none u-text-hover-white u-text-white u-btn-1\" target=\"_blank\">Mehr Erfahren<\/a>\n              <\/div>\n            <\/div>\n            <div class=\"u-align-center u-container-style u-custom-item u-list-item u-palette-4-dark-2 u-radius-20 u-repeater-item u-video-cover u-list-item-2\">\n              <div class=\"u-container-layout u-similar-container u-container-layout-2\">\n                <h4 class=\"u-custom-font u-font-pt-sans u-text u-text-body-alt-color u-text-3\">Erholungsgebit Hasetal<\/h4>\n                <a href=\"https:\/\/www.hasetal.de\/\" class=\"u-border-2 u-border-black u-btn u-button-style u-hover-black u-none u-text-hover-white u-text-white u-btn-2\" target=\"_blank\">Mehr Erfahren<\/a>\n              <\/div>\n            <\/div>\n            <div class=\"u-align-center u-container-style u-custom-item u-list-item u-palette-2-dark-1 u-radius-20 u-repeater-item u-list-item-3\">\n              <div class=\"u-container-layout u-similar-container u-container-layout-3\">\n                <h4 class=\"u-custom-font u-font-pt-sans u-text u-text-body-alt-color u-text-4\">Museumsdorf Cloppenburg<\/h4>\n                <a href=\"https:\/\/museumsdorf.de\/\" class=\"u-border-2 u-border-black u-btn u-button-style u-hover-black u-none u-text-hover-white u-text-white u-btn-3\" target=\"_blank\">Mehr Erfahren<\/a>\n              <\/div>\n            <\/div>\n            <div class=\"u-align-center u-container-style u-custom-item u-list-item u-palette-2-dark-1 u-radius-20 u-repeater-item u-shape-round u-video-cover u-list-item-4\">\n              <div class=\"u-container-layout u-similar-container u-container-layout-4\">\n                <h4 class=\"u-custom-font u-font-pt-sans u-text u-text-body-alt-color u-text-5\">Jagdschloss Clemenswerth<\/h4>\n                <a href=\"https:\/\/www.clemenswerth.de\/\" class=\"u-border-2 u-border-black u-btn u-button-style u-hover-black u-none u-text-hover-white u-text-white u-btn-4\" target=\"_blank\">Mehr Erfahren<\/a>\n              <\/div>\n            <\/div>\n            <div class=\"u-align-center u-container-style u-custom-item u-list-item u-palette-4-dark-2 u-radius-20 u-repeater-item u-shape-round u-video-cover u-list-item-5\">\n              <div class=\"u-container-layout u-similar-container u-container-layout-5\">\n                <h4 class=\"u-custom-font u-font-pt-sans u-text u-text-body-alt-color u-text-6\"> Tier &amp; freizeit park Th\u00fcle<\/h4>\n                <a href=\"https:\/\/www.tier-freizeitpark.de\/\" class=\"u-border-2 u-border-black u-btn u-button-style u-hover-black u-none u-text-hover-white u-text-white u-btn-5\" target=\"_blank\">Mehr Erfahren<\/a>\n              <\/div>\n            <\/div>\n            <div class=\"u-align-center u-container-style u-custom-item u-list-item u-palette-4-dark-2 u-radius-20 u-repeater-item u-video-cover u-list-item-6\">\n              <div class=\"u-container-layout u-similar-container u-container-layout-6\">\n                <h4 class=\"u-custom-font u-font-pt-sans u-text u-text-body-alt-color u-text-7\"> thuelsfelder talsperre<\/h4>\n                <a href=\"https:\/\/www.thuelsfelder-talsperre.de\/\" class=\"u-border-2 u-border-black u-btn u-button-style u-hover-black u-none u-text-hover-white u-text-white u-btn-6\" target=\"_blank\">Mehr Erfahren<\/a>\n              <\/div>\n            <\/div>\n            <div class=\"u-align-center u-container-style u-custom-item u-list-item u-palette-4-dark-2 u-radius-20 u-repeater-item u-video-cover u-list-item-7\">\n              <div class=\"u-container-layout u-similar-container u-container-layout-7\">\n                <h4 class=\"u-custom-font u-font-pt-sans u-text u-text-body-alt-color u-text-8\">Kletterwald Th\u00fcle<\/h4>\n                <a href=\"https:\/\/kletterwald-nord.de\/\" class=\"u-border-2 u-border-black u-btn u-button-style u-hover-black u-none u-text-hover-white u-text-white u-btn-7\" target=\"_blank\">Mehr Erfahren<\/a>\n              <\/div>\n            <\/div>\n            <div class=\"u-align-center u-container-style u-custom-item u-list-item u-palette-1-base u-radius-20 u-repeater-item u-video-cover u-list-item-8\">\n              <div class=\"u-container-layout u-similar-container u-container-layout-8\">\n                <h4 class=\"u-custom-font u-font-pt-sans u-text u-text-body-alt-color u-text-9\">Gemeinde Auen Holthaus<\/h4>\n                <a href=\"https:\/\/www.auen-holthaus.de\/\" class=\"u-border-2 u-border-black u-btn u-button-style u-hover-black u-none u-text-hover-white u-text-white u-btn-8\" target=\"_blank\">Mehr Erfahren<\/a>\n              <\/div>\n            <\/div>\n            <div class=\"u-align-center u-container-style u-custom-item u-list-item u-palette-1-base u-radius-20 u-repeater-item u-video-cover u-list-item-9\">\n              <div class=\"u-container-layout u-similar-container u-container-layout-9\">\n                <h4 class=\"u-custom-font u-font-pt-sans u-text u-text-body-alt-color u-text-10\">Landkreis Cloppenburg<\/h4>\n                <a href=\"https:\/\/lkclp.de\/startseite.php\" class=\"u-border-2 u-border-black u-btn u-button-style u-hover-black u-none u-text-hover-white u-text-white u-btn-9\" target=\"_blank\">Mehr Erfahren<\/a>\n              <\/div>\n            <\/div>\n            <div class=\"u-align-center u-container-style u-custom-item u-list-item u-palette-1-base u-radius-20 u-repeater-item u-video-cover u-list-item-10\">\n              <div class=\"u-container-layout u-similar-container u-container-layout-10\">\n                <h4 class=\"u-custom-font u-font-pt-sans u-text u-text-body-alt-color u-text-11\">Landkreis Emsland<\/h4>\n                <a href=\"https:\/\/www.emsland.de\/\" class=\"u-border-2 u-border-black u-btn u-button-style u-hover-black u-none u-text-hover-white u-text-white u-btn-10\" target=\"_blank\">Mehr Erfahren<\/a>\n              <\/div>\n            <\/div>\n            <div class=\"u-align-center u-container-style u-custom-item u-list-item u-palette-1-base u-radius-20 u-repeater-item u-video-cover u-list-item-11\">\n              <div class=\"u-container-layout u-similar-container u-container-layout-11\">\n                <h4 class=\"u-custom-font u-font-pt-sans u-text u-text-body-alt-color u-text-12\">Gemeinde Lindern<\/h4>\n                <a href=\"https:\/\/www.lindern.de\/\" class=\"u-border-2 u-border-black u-btn u-button-style u-hover-black u-none u-text-hover-white u-text-white u-btn-11\" target=\"_blank\">Mehr Erfahren<\/a>\n              <\/div>\n            <\/div>\n            <div class=\"u-align-center u-container-style u-custom-item u-list-item u-palette-1-base u-radius-20 u-repeater-item u-video-cover u-list-item-12\">\n              <div class=\"u-container-layout u-similar-container u-container-layout-12\">\n                <h4 class=\"u-custom-font u-font-pt-sans u-text u-text-body-alt-color u-text-13\">Stadt Werlte<br>\n                  <br>\n                <\/h4>\n                <a href=\"https:\/\/sgwerlte.de\/\" class=\"u-border-2 u-border-black u-btn u-button-style u-hover-black u-none u-text-hover-white u-text-white u-btn-12\" target=\"_blank\">Mehr Erfahren<\/a>\n              <\/div>\n            <\/div>\n          <\/div>\n        <\/div>\n      <\/div>\n    <\/section>\n    \n    \n    \n  \n","protected":false},"excerpt":{"rendered":"<p>Hier kann man viel erleben Entspannung ab dem ersten Tag Sie k\u00f6nnen sich auf uns verlassen Der Gast ist bei uns K\u00f6nig, daher versuchen wir, Ihnen den Aufenthalt in unserem Idyll so angenehm wie m\u00f6glich zu gestalten.&nbsp;Daf\u00fcr kann unser morgendlicher&nbsp;Br\u00f6tchenservice&nbsp;sorgen, aber auch die&nbsp;Organisation von Ausfl\u00fcgen&nbsp;in die Umgebung, der&nbsp;Besuch eines Bauernhofs&nbsp;mit Ihren Kindern oder eine&nbsp;Fahrradtour&nbsp;sind nur &hellip; <a href=\"https:\/\/www.ferienwohnung-beim-rosengarten.de\/?page_id=92\" class=\"more-link\">Continue reading<span class=\"screen-reader-text\"> &#8222;Leistungen&#8220;<\/span><\/a><\/p>\n","protected":false},"author":1,"featured_media":0,"parent":0,"menu_order":7,"comment_status":"closed","ping_status":"closed","template":"","meta":{"footnotes":""},"class_list":["post-92","page","type-page","status-publish","hentry"],"_links":{"self":[{"href":"https:\/\/www.ferienwohnung-beim-rosengarten.de\/index.php?rest_route=\/wp\/v2\/pages\/92","targetHints":{"allow":["GET"]}}],"collection":[{"href":"https:\/\/www.ferienwohnung-beim-rosengarten.de\/index.php?rest_route=\/wp\/v2\/pages"}],"about":[{"href":"https:\/\/www.ferienwohnung-beim-rosengarten.de\/index.php?rest_route=\/wp\/v2\/types\/page"}],"author":[{"embeddable":true,"href":"https:\/\/www.ferienwohnung-beim-rosengarten.de\/index.php?rest_route=\/wp\/v2\/users\/1"}],"replies":[{"embeddable":true,"href":"https:\/\/www.ferienwohnung-beim-rosengarten.de\/index.php?rest_route=%2Fwp%2Fv2%2Fcomments&post=92"}],"version-history":[{"count":1,"href":"https:\/\/www.ferienwohnung-beim-rosengarten.de\/index.php?rest_route=\/wp\/v2\/pages\/92\/revisions"}],"predecessor-version":[{"id":107,"href":"https:\/\/www.ferienwohnung-beim-rosengarten.de\/index.php?rest_route=\/wp\/v2\/pages\/92\/revisions\/107"}],"wp:attachment":[{"href":"https:\/\/www.ferienwohnung-beim-rosengarten.de\/index.php?rest_route=%2Fwp%2Fv2%2Fmedia&parent=92"}],"curies":[{"name":"wp","href":"https:\/\/api.w.org\/{rel}","templated":true}]}}